{"id":1203,"date":"2021-06-17T07:28:42","date_gmt":"2021-06-17T07:28:42","guid":{"rendered":"https:\/\/eestimaaehitus.ee\/eestimaaehitus-mtu-liikmed\/"},"modified":"2021-07-26T12:58:18","modified_gmt":"2021-07-26T12:58:18","slug":"eestimaaehitus-mtu-liikmed","status":"publish","type":"page","link":"https:\/\/eestimaaehitus.ee\/en\/eestimaaehitus-mtu-liikmed\/","title":{"rendered":"Eestimaaehitus mt\u00fc liikmed"},"content":{"rendered":"<div id=\"acf-block_60cafa844b9f5\" class=\"acf-block-element block-members has-scroll-links\"><\/div>\n\n<div id=\"acf-block_60caf9820a467\" class=\"acf-block-element block-container container-extra-narrow\">\n\n<ol class=\"wp-el wp-block-list\"><li>EME tutvustab oma liikmete tegevusi, tooteid ja teenuseid \u00fcritustel, messidel, v\u00e4lisreisidel, tr\u00fckistel, veebilehel ja (sots.)meedias, samuti 2020 valmivas traditsioonilise ja \u00f6koloogilise ehituse kompetentsikeskuses.<\/li><li>Projektirahastuste korral on EME liikmetel v\u00f5imalik \u00fcritustel, koolitustel, v\u00e4lisreisidel, \u00f5pir\u00e4nnetel jne. osaleda soodsamalt v\u00f5i tasuta.<\/li><li>EME toob Eestisse valdkondlikke tippspetsialiste t\u00f5stmaks liikmete kompetentsi.<\/li><\/ol>\n\n\n\n<h3 class=\"wp-el wp-block-heading\">Juhatuse kinnitatud tingimused Eestimaaehitus MT\u00dc liikmeks astumiseks:<\/h3>\n\n\n\n<ul class=\"wp-el wp-block-list\"><li>iga \u00fchingu liikmeks astuda sooviv f\u00fc\u00fcsiline ja juriidiline isik peab l\u00e4bima prooviaasta, mille jooksul on tal v\u00f5imalus tutvuda \u00fchingu tegevusega ning \u00fchingul on v\u00f5imalus hinnata kandidaadi sobivust t\u00e4isliikme kohale. Prooviaasta jooksul ei pea kandidaat tasuma liikmemaksu, kuid peab panustama v\u00e4hemalt 5 vabatahtlikku p\u00e4eva \u00fchingu heaks t\u00f6\u00f6ga, mis lepitakse eelnevalt kokku juhatusega.<\/li><\/ul>\n\n\n\n<p class=\"wp-el\">Kandidaat v\u00f5ib osaleda koosolekutel, kuid tal puudub h\u00e4\u00e4le\u00f5igus \u00fcldkoosolekul;<\/p>\n\n\n\n<ul class=\"wp-el wp-block-list\"><li>liikmeks v\u00f5ib astuda eraisik, \u00e4ri\u00fching v\u00f5i mittetulundus\u00fching;<\/li><li>liikmeks astuja tegevusvaldkond kattub EME eesm\u00e4rkide, tegevuste ja vaadetega;<\/li><li>liikmeks astujal on EME-s 2 soovitajat;<\/li><li>l\u00f5pliku otsuse langetab juhatus;<\/li><li>liikmemaks mittetulundus\u00fchingule ja eraisikule on 100\u20ac aastas;<\/li><li>liikmemaks \u00e4ri\u00fchingule on 300\u20ac aastas;<\/li><li>liikmemaks \u00e4ri\u00fchingule, milles t\u00f6\u00f6tab enam kui 5 inimest on 500\u20ac aastas;<\/li><li>liikmemaks tasutakse majandusaasta alguses v\u00f5i soovi korral kvartaalselt ettemaksuna;<\/li><li>liikmemaksu arvestatakse liikmeks astumise hetkel proportsionaalselt allesj\u00e4\u00e4nud kuudega majandusaastas;<\/li><li>lisaks liikmemaksule panustab liige v\u00e4hemalt 3 p\u00e4eva aastas EME heaks t\u00f6\u00f6ga &#8211; nt. EME koolituse vm \u00fcrituse l\u00e4biviimine, messi ettevalmistus v\u00f5i esindamine messil, projekti kirjutamine jm tegevused, mis lepitakse eelnevalt kokku juhatusega.<\/li><\/ul>\n\n<\/div>","protected":false},"excerpt":{"rendered":"","protected":false},"author":1,"featured_media":0,"parent":0,"menu_order":70,"comment_status":"closed","ping_status":"closed","template":"","meta":{"_acf_changed":false,"inline_featured_image":false,"footnotes":""},"class_list":["post-1203","page","type-page","status-publish","hentry"],"acf":[],"_links":{"self":[{"href":"https:\/\/eestimaaehitus.ee\/en\/wp-json\/wp\/v2\/pages\/1203","targetHints":{"allow":["GET"]}}],"collection":[{"href":"https:\/\/eestimaaehitus.ee\/en\/wp-json\/wp\/v2\/pages"}],"about":[{"href":"https:\/\/eestimaaehitus.ee\/en\/wp-json\/wp\/v2\/types\/page"}],"author":[{"embeddable":true,"href":"https:\/\/eestimaaehitus.ee\/en\/wp-json\/wp\/v2\/users\/1"}],"replies":[{"embeddable":true,"href":"https:\/\/eestimaaehitus.ee\/en\/wp-json\/wp\/v2\/comments?post=1203"}],"version-history":[{"count":1,"href":"https:\/\/eestimaaehitus.ee\/en\/wp-json\/wp\/v2\/pages\/1203\/revisions"}],"predecessor-version":[{"id":1204,"href":"https:\/\/eestimaaehitus.ee\/en\/wp-json\/wp\/v2\/pages\/1203\/revisions\/1204"}],"wp:attachment":[{"href":"https:\/\/eestimaaehitus.ee\/en\/wp-json\/wp\/v2\/media?parent=1203"}],"curies":[{"name":"wp","href":"https:\/\/api.w.org\/{rel}","templated":true}]}}